{"id":7,"date":"2016-02-10T09:46:42","date_gmt":"2016-02-10T09:46:42","guid":{"rendered":"http:\/\/www.demo.acmethemes.com\/corporate-plus\/?page_id=7"},"modified":"2026-03-05T20:29:53","modified_gmt":"2026-03-05T19:29:53","slug":"creazione-siti-web","status":"publish","type":"page","link":"https:\/\/www.webpar.it\/creazione-siti-web\/","title":{"rendered":"Home"},"content":{"rendered":"<p>Fondata nel 2002, la Webproject A.R. di Aldo Romana \u00e8 una Web Agency &amp; Agenzia Grafica specializzata in creazioni siti web, realizzazione portali internet, posizionamento siti web sui motori di ricerca, grafica e stampa.<br \/><strong data-start=\"1771\" data-end=\"1801\">Creazione siti web a Capua<\/strong> per aziende e attivit\u00e0 locali: siti veloci, SEO e assistenza completa. <strong>&gt;&gt;&gt;<\/strong><span id=\"more-36\"><\/span><\/p>\n<p>Designers professionisti mettono a punto soluzioni grafiche sempre nuove ed esclusive, realizzate ad hoc per adeguare i desideri del cliente alle esigenze di usabilit\u00e0 degli utenti. \u201cCreazione siti web a Capua per aziende e attivit\u00e0 locali\u2026\u201d<\/p>\n<h1 class=\"entry-title\">Creazione siti web professionali per aziende e attivit\u00e0 locali<\/h1>\n<p><em>Progettiamo siti web moderni, veloci e ottimizzati per Google.<br \/>Realizziamo siti aziendali ed e-commerce pensati per generare contatti e clienti reali.<br \/><\/em> <span id=\"more-134\"><\/span><\/p>\n<h4><strong>Web Design<\/strong><\/h4>\n<p>Personalizziamo il tuo sito web con soluzioni grafiche, scelta dei colori e delle immagini .<br \/>Lavoriamo al tuo fianco con <strong>competenza<\/strong> e <strong>affidabilit\u00e0<\/strong>, per raggiungere i tuoi obiettivi e rendere produttiva la tua attivit\u00e0 su internet.<br \/>Avrai un sito web funzionale, <strong>ottimizzato per la SEO<\/strong> e dai contenuti impeccabili.<br \/>Ricorda : la creazione di un sito web \u00e8 la base di partenza per la tua attivit\u00e0 o il tuo business !<\/p>\n<h4>Creazione di contenuti per la tua Comunicazione online<\/h4>\n<ul>\n<li>Video e shooting fotografici<\/li>\n<li>Servizi di grafica design<\/li>\n<\/ul>\n<p><em><strong>Scegli la Webproject A.R., la tua web agency a Capua (Caserta<\/strong>)<\/em><\/p>\n<h1 class=\"entry-title\">Siti E-Commerce<\/h1>\n<p>Soluzioni e-commerce semplici ed efficaci, ideali per aumentare le vendite online.<\/p>\n<p>Realizziamo il tuo negozio online con grande professionalit\u00e0 !<span id=\"more-58\"><\/span><br \/>Un sito <strong>e-commerce \u00e8 un negozio online<\/strong>, che ti permette di mostrare tutti i tuoi servizi, e <strong>vendere online i tuoi prodotti 24 ore su 24<\/strong>, senza interruzioni.<\/p>\n<p>Quando si decide di investire in un negozio online l\u2019improvvisazione non aiuta.<br \/>Un e-commerce non \u00e8 un semplice sito web con il carrello per la spesa, \u00e8 qualcosa di molto pi\u00f9 complesso. Occorre avere le idee chiare sin dalla scelta del profilo tecnologico perch\u00e9 esso condizioner\u00e0 la nostra capacit\u00e0 futura di gestire le leve di marketing necessarie alla vendita online.<\/p>\n<p>La soluzione e-commerce proposta dalla <strong>Webproject A.R.<\/strong> gestisce con professionalit\u00e0 tutti gli aspetti della vendita su internet: listini, gestione del magazzino, scontistica, prodotti in evidenza, dinamicit\u00e0 e adattabilit\u00e0 del prezzo, ecc. Il sistema di gestione della piattaforma (CMS \u2013 Content Management System) deve essere semplice e intuitivo, tale da non richiedere alcuna competenza tecnica per il suo utilizzo.<\/p>\n<p>Nel tuo e-commerce puoi gestire il tuo catalogo, gli ordini, le vendite, i pagamenti attraverso Paypal,Stripe, bonifico bancario, contrassegno.<\/p>\n<p><em><strong>Scegli la Webproject A.R., la tua web agency a Capua (Caserta<\/strong>)<\/em><\/p>\n<h1 class=\"entry-title\">Grafica e stampa<\/h1>\n<p>Dalla creazione grafica alla creazione del prodotto finale tramite partner di successo !<br \/>Creazione Loghi\u00a0 | Biglietti da Visita\u00a0 | Pieghevoli | Targhe | Gadget Personalizzati<span id=\"more-307\"><\/span><\/p>\n<p><strong>Hai gi\u00e0 la tua grafica in digitale e vuoi soltanto stampare il tuo prodotto?<\/strong><br \/>Offriamo anche questo tipo di servizio, contattaci e ti invieremo il template di stampe per il prodotto che intendi stampare.<\/p>\n<p><strong>Hai gi\u00e0 la tua grafica su carta e vuoi soltanto stampare il tuo prodotto?<\/strong><br \/>Offriamo anche questo tipo di servizio, contattaci e ti invieremo un preventivo per realizzare da carta in digitale la tua stampa.<\/p>\n<p><strong>Siamo in grado di soddisfare tutte le esigenze di stampa della clientela professionale.<\/strong><\/p>\n<p><strong><em>Scegli la Webproject A.R., la tua web agency a Capua (Caserta)<\/em><\/strong><\/p>\n<h1 class=\"entry-title\">Strategy marketing<\/h1>\n<div class=\"wpb_text_column wpb_content_element  vc_custom_1506276895233\">\n<div class=\"wpb_wrapper\">\n<p>L\u2019obbiettivo della Web agency Webproject A.R. \u00e8 quello di realizzare un progetto marketing su misura, dando la possibilit\u00e0 all\u2019 Azienda di farsi notare nel mercato, di emergere.<span id=\"more-310\"><\/span><\/p>\n<h4><strong>SEO<\/strong> <strong>(Search Engine Optimization):<\/strong><\/h4>\n<p>L\u2019acronimo SEO sta per Search Engine Optimization, che in italiano possiamo tradurre come \u201cottimizzazione per i motori di ricerca\u201d (e per gli utenti che li utilizzano).<\/p>\n<h4>Social Media Marketing<\/h4>\n<\/div>\n<\/div>\n<p>Il Social Media Marketing \u00e8 l\u2019insieme di attivit\u00e0 volte ad accrescere la visibilit\u00e0 del brand\/azienda online nei social media, con lo scopo finale di generare conversazioni con il pubblico, in un rapporto diretto e immediato.<\/p>\n<p><em><strong>Scegli la Webproject A.R., la tua web agency a Capua (Caserta<\/strong>)<\/em><\/p>\n\n\n<script type=\"application\/ld+json\">\n{\n  \"@context\": \"https:\/\/schema.org\",\n  \"@type\": \"Service\",\n  \"serviceType\": \"Creazione siti web professionali\",\n  \"provider\": {\n    \"@type\": \"LocalBusiness\",\n    \"name\": \"Webproject A.R.\",\n    \"address\": {\n      \"@type\": \"PostalAddress\",\n      \"addressLocality\": \"Capua\",\n      \"addressRegion\": \"CE\",\n      \"addressCountry\": \"IT\"\n    },\n    \"telephone\": \"3470857239\"\n  },\n  \"areaServed\": [\"Capua\", \"Caserta\"],\n  \"url\": \"https:\/\/www.webpar.it\/creazione-siti-web\/\",\n  \"description\": \"Creazione di siti web professionali, aziendali ed e-commerce ottimizzati SEO per aziende e professionisti.\"\n}\n<\/script>\n","protected":false},"excerpt":{"rendered":"<p>Fondata nel 2002, la Webproject A.R. di Aldo Romana \u00e8 una Web Agency &amp; Agenzia Grafica specializzata in creazioni siti web, realizzazione portali internet, posizionamento siti web sui motori di ricerca, grafica e stampa.Creazione siti web a Capua per aziende e attivit\u00e0 locali: siti veloci, SEO e assistenza completa. &gt;&gt;&gt; Designers professionisti mettono a punto soluzioni grafiche sempre nuove ed esclusive, realizzate ad hoc per adeguare i desideri del cliente&hellip;<\/p>\n","protected":false},"author":1,"featured_media":0,"parent":0,"menu_order":0,"comment_status":"closed","ping_status":"closed","template":"","meta":{"_crdt_document":"","om_disable_all_campaigns":false,"_monsterinsights_skip_tracking":false,"_monsterinsights_sitenote_active":false,"_monsterinsights_sitenote_note":"","_monsterinsights_sitenote_category":0,"footnotes":""},"class_list":["post-7","page","type-page","status-publish","hentry"],"_links":{"self":[{"href":"https:\/\/www.webpar.it\/creazione-siti-web\/wp-json\/wp\/v2\/pages\/7","targetHints":{"allow":["GET"]}}],"collection":[{"href":"https:\/\/www.webpar.it\/creazione-siti-web\/wp-json\/wp\/v2\/pages"}],"about":[{"href":"https:\/\/www.webpar.it\/creazione-siti-web\/wp-json\/wp\/v2\/types\/page"}],"author":[{"embeddable":true,"href":"https:\/\/www.webpar.it\/creazione-siti-web\/wp-json\/wp\/v2\/users\/1"}],"replies":[{"embeddable":true,"href":"https:\/\/www.webpar.it\/creazione-siti-web\/wp-json\/wp\/v2\/comments?post=7"}],"version-history":[{"count":6,"href":"https:\/\/www.webpar.it\/creazione-siti-web\/wp-json\/wp\/v2\/pages\/7\/revisions"}],"predecessor-version":[{"id":1333,"href":"https:\/\/www.webpar.it\/creazione-siti-web\/wp-json\/wp\/v2\/pages\/7\/revisions\/1333"}],"wp:attachment":[{"href":"https:\/\/www.webpar.it\/creazione-siti-web\/wp-json\/wp\/v2\/media?parent=7"}],"curies":[{"name":"wp","href":"https:\/\/api.w.org\/{rel}","templated":true}]}}